{"id":250,"date":"2025-08-28T15:02:20","date_gmt":"2025-08-28T15:02:20","guid":{"rendered":"https:\/\/dadrauf.ch\/?page_id=250"},"modified":"2025-08-30T09:35:38","modified_gmt":"2025-08-30T09:35:38","slug":"untersetzer","status":"publish","type":"page","link":"https:\/\/dadrauf.ch\/?page_id=250","title":{"rendered":"Berner Oberland"},"content":{"rendered":"<p data-start=\"260\" data-end=\"500\">Die <strong data-start=\"264\" data-end=\"295\">Berner Oberland Untersetzer<\/strong> sind eine Kombination aus minimalistischem Design und Leidenschaft f\u00fcr die Schweizer Berge.<br data-start=\"387\" data-end=\"390\" \/>Ein handliches Schweizerprodukt, das dir Wissen \u00fcber das Thunersee-Bergpanorama direkt auf den Tisch bringt.<\/p>\n<p data-start=\"502\" data-end=\"656\"><strong data-start=\"502\" data-end=\"528\">Kennst du diesen Berg?<\/strong><br data-start=\"528\" data-end=\"531\" \/>Wie hei\u00dft er \u2013 und was macht ihn besonders?<br data-start=\"574\" data-end=\"577\" \/>Die R\u00fcckseite jedes Untersetzers verr\u00e4t dir spannende Fakten und Geschichten<\/p>\n<p>.<\/p>\n","protected":false},"excerpt":{"rendered":"<p>Die Berner Oberland Untersetzer sind eine Kombination aus minimalistischem Design und Leidenschaft f\u00fcr die Schweizer Berge.Ein handliches Schweizerprodukt, das dir Wissen \u00fcber das Thunersee-Bergpanorama direkt auf den Tisch bringt. Kennst du diesen Berg?Wie hei\u00dft er \u2013 und was macht ihn besonders?Die R\u00fcckseite jedes Untersetzers verr\u00e4t dir spannende Fakten und Geschichten .<\/p>\n","protected":false},"author":1,"featured_media":0,"parent":0,"menu_order":0,"comment_status":"closed","ping_status":"closed","template":"","meta":{"footnotes":""},"class_list":["post-250","page","type-page","status-publish","hentry"],"_links":{"self":[{"href":"https:\/\/dadrauf.ch\/index.php?rest_route=\/wp\/v2\/pages\/250","targetHints":{"allow":["GET"]}}],"collection":[{"href":"https:\/\/dadrauf.ch\/index.php?rest_route=\/wp\/v2\/pages"}],"about":[{"href":"https:\/\/dadrauf.ch\/index.php?rest_route=\/wp\/v2\/types\/page"}],"author":[{"embeddable":true,"href":"https:\/\/dadrauf.ch\/index.php?rest_route=\/wp\/v2\/users\/1"}],"replies":[{"embeddable":true,"href":"https:\/\/dadrauf.ch\/index.php?rest_route=%2Fwp%2Fv2%2Fcomments&post=250"}],"version-history":[{"count":4,"href":"https:\/\/dadrauf.ch\/index.php?rest_route=\/wp\/v2\/pages\/250\/revisions"}],"predecessor-version":[{"id":348,"href":"https:\/\/dadrauf.ch\/index.php?rest_route=\/wp\/v2\/pages\/250\/revisions\/348"}],"wp:attachment":[{"href":"https:\/\/dadrauf.ch\/index.php?rest_route=%2Fwp%2Fv2%2Fmedia&parent=250"}],"curies":[{"name":"wp","href":"https:\/\/api.w.org\/{rel}","templated":true}]}}