{"id":3,"date":"2025-08-26T16:24:47","date_gmt":"2025-08-26T16:24:47","guid":{"rendered":"https:\/\/dadrauf.ch\/?page_id=3"},"modified":"2025-08-28T09:41:05","modified_gmt":"2025-08-28T09:41:05","slug":"privacy-policy","status":"publish","type":"page","link":"https:\/\/dadrauf.ch\/?page_id=3","title":{"rendered":"Datenschutz"},"content":{"rendered":"<nav id=\"nav\" class=\"bk-nav\">\n<div id=\"page-zones__template-widgets__extendednavigation-navigationheader\" class=\"widget extendednavigation \" data-widget-type=\"extendednavigation\" data-uniqueid=\"page-zones__template-widgets__extendednavigation-navigationheader\">\n<div class=\"extendednavigation\"><\/div>\n<\/div>\n<\/nav>\n<div id=\"main\" role=\"main\">\n<div id=\"contain\" class=\"contain\">\n<section id=\"page-zones__main\" class=\"bk-zone column \" data-uniqueid=\"eFMVXPLLmUf9T3A\" data-parentuniqueid=\"\">\n<div id=\"page-zones__main-widgets__5ec657464a868\" class=\"content widget js-widget\" data-name=\"content\" data-uniqueid=\"UKbWHM2YGqmhCgM\" data-parentuniqueid=\"eFMVXPLLmUf9T3A\">\n<div class=\"bk-content-text js-text-content wysihtml-editor-content\">\n<p class=\"n\">Datenschutzinformationen<\/p>\n<p>Die auf diesen Seiten dargestellten Informationen dienen ausschlie\u00dflich der Information. Der Verlag dadrauf \u00fcbernimmt keinerlei Gew\u00e4hr f\u00fcr die Richtigkeit, Vollst\u00e4ndigkeit oder Aktualit\u00e4t der bereitgestellten Informationen. Wir behalten uns vor, die Webseiten jederzeit zu ver\u00e4ndern, zu erg\u00e4nzen oder zu l\u00f6schen.<\/p>\n<p>Copyright\u2028:<br \/>\nDer gesamte Inhalt dieser Website (Texte, Bilder, Grafiken, Animationen) unterliegt dem Urheberrecht und anderen Gesetzen zum Schutze geistigen Eigentums. Einzelne Elemente der Site d\u00fcrfen nur mit ausdr\u00fccklicher Erlaubnis des Verlages f\u00fcr private oder f\u00fcr gesch\u00e4ftliche Zwecke verwendet, kopiert oder ver\u00e4ndert werden. Bitte setzen Sie sich bei entsprechenden Anfragen mit uns in Verbindung.<\/p>\n<p>Haftungshinweis\u2028:<br \/>\nTrotz inhaltlicher Kontrolle \u00fcbernimmt der Verlag addberg.ch keinerlei Haftung f\u00fcr die Inhalte externer Links. F\u00fcr den Inhalt dieser Seiten sind ausschlie\u00dflich deren Betreiber verantwortlich.<\/p>\n<p>Pers\u00f6nliche Daten:<br \/>\nWir verpflichten uns Ihre pers\u00f6nlichen Daten nicht an Dritte zu ver\u00e4ussern. Alle pers\u00f6nlichen Daten werden selbstverst\u00e4ndlich vertraulich behandelt. Die f\u00fcr die Gesch\u00e4ftsabwicklung notwendigen Daten werden gespeichert und im Rahmen der Bestellabwicklung gegebenenfalls an verbundene Unternehmen weitergegeben. Wir verwenden die von Ihnen mitgeteilten Daten zur Erf\u00fcllung und Abwicklung Ihrer Bestellung.<br \/>\nNach dem Bundesgesetz \u00fcber den Datenschutz (DSG) haben Sie ein Recht auf unentgeltliche Auskunft \u00fcber Ihre gespeicherten Daten (Art. 8 DSG) sowie ein Recht auf Berichtigung (Art. 5 Abs. 2 DSG). Dar\u00fcber hinaus k\u00f6nnen Sie verlangen, dass Ihre Daten gel\u00f6scht werden, soweit diese nicht mehr zur Vertragsabwicklung ben\u00f6tigt werden und auch die Sperrung Ihrer Daten verlangen. Auskunftsbegehren und Sperrungs- bzw. L\u00f6schungverlangen k\u00f6nnen auch in elektronischer Form an die zust\u00e4ndige Stelle gerichtet werden.<br \/>\n\u00dcber unsere Websites erfassen wir keinerlei personenbezogene Daten (z.B. Namen, Anschriften, Telefonnummern oder E-Mail-Adressen), ausser wenn Sie uns solche Daten freiwillig zur Verf\u00fcgung stellen (z.B. durch Registrierung, Umfrage) bzw. eingewilligt haben.<\/p>\n<p>Cookies:<br \/>\nWir verwenden so genannte Cookies, kleine Textbausteine, wenn Sie unsere Internet-Seiten besuchen. Diese Cookies werden auf Ihrem Computer abgelegt. Dadurch ist es uns m\u00f6glich, unsere Internet-Seiten an Ihre Interessen anzupassen. Sollten Sie nicht w\u00fcnschen, dass wir Ihren Computer wiedererkennen (Festplatten-Cookies), k\u00f6nnen Sie Ihren Browser so einstellen, dass er Cookies von Ihrer Computerfestplatte l\u00f6scht, alle Cookies blockiert oder Sie warnt, bevor ein Cookie gespeichert wird. Wir k\u00f6nnen bei einer solchen Einstellung allerdings nicht zusichern, dass Sie alle unsere Dienste ohne Einschr\u00e4nkung nutzen k\u00f6nnen.<\/p>\n<p>Verwendung von Social Plugins:<br \/>\nAuf unserer Website werden sogenannte Social Plugins verwendet.<br \/>\nSind Sie bei einem der sozialen Netzwerke eingeloggt, k\u00f6nnen die Anbieter den Besuch unserer Website Ihrem Profil auf Facebook bzw. Twitter unmittelbar zuordnen. Wenn Sie mit den Plugins interagieren, zum Beispiel den \u201eGef\u00e4llt mir\u201c-Button bet\u00e4tigen, wird die entsprechende Information ebenfalls direkt an einen Server der Anbieter \u00fcbermittelt und dort gespeichert. Die Informationen werden ausserdem in dem sozialen Netzwerk ver\u00f6ffentlicht und dort Ihren Kontakten angezeigt.<br \/>\nZweck und Umfang der Datenerhebung und die weitere Verarbeitung und Nutzung der Daten durch die Anbieter sowie Ihre diesbez\u00fcglichen Rechte und Einstellungsm\u00f6glichkeiten zum Schutz Ihrer Privatsph\u00e4re entnehmen Sie bitte den Datenschutzhinweisen der Anbieter.<\/p>\n<p>\u00c4nderungen:<br \/>\nWir behalten uns das Recht vor, dies Sicherheits- und Datenschutzma\u00dfnahmen zu ver\u00e4ndern, soweit dies wegen der technischen Entwicklung erforderlich wird. In diesen F\u00e4llen werden wir auch unsere Hinweise zum Datenschutz entsprechend anpassen. Bitte beachten Sie daher die jeweils aktuelle Version unserer Datenschutzerkl\u00e4rung.<\/p>\n<p>&nbsp;<\/p>\n<h2 class=\"n\">reCAPTCHA<\/h2>\n<p class=\"n\">Zum Schutz Ihrer Anfragen per Internetformular verwenden wir den Dienst reCAPTCHA des Unternehmens Google LLC (Google). Die Abfrage dient der Unterscheidung, ob die Eingabe durch einen Menschen oder missbr\u00e4uchlich durch automatisierte, maschinelle Verarbeitung erfolgt. Die Abfrage schlie\u00dft den Versand der IP-Adresse und ggf. weiterer von Google f\u00fcr den Dienst reCAPTCHA ben\u00f6tigter Daten an Google ein. Zu diesem Zweck wird Ihre Eingabe an Google \u00fcbermittelt und dort weiter verwendet. Ihre IP-Adresse wird von Google jedoch innerhalb von Mitgliedstaaten der Europ\u00e4ischen Union oder in anderen Vertragsstaaten des Abkommens \u00fcber den Europ\u00e4ischen Wirtschaftsraum zuvor gek\u00fcrzt. Nur in Ausnahmef\u00e4llen wird die volle IP-Adresse an einen Server von Google in den USA \u00fcbertragen und dort gek\u00fcrzt. Im Auftrag des Betreibers dieser Website wird Google diese Informationen benutzen, um Ihre Nutzung dieses Dienstes auszuwerten. Die im Rahmen von reCaptcha von Ihrem Browser \u00fcbermittelte IP-Adresse wird nicht mit anderen Daten von Google zusammengef\u00fchrt. F\u00fcr diese Daten gelten die abweichenden Datenschutzbestimmungen des Unternehmens Google. Weitere Informationen zu den Datenschutzrichtlinien von Google finden Sie unter:\u00a0<a href=\"https:\/\/policies.google.com\/privacy?hl=de\" target=\"_blank\" rel=\"noopener\">https:\/\/policies.google.com\/privacy?hl=de<\/a><\/p>\n<\/div>\n<\/div>\n<\/section>\n<\/div>\n<\/div>\n","protected":false},"excerpt":{"rendered":"<p>Datenschutzinformationen Die auf diesen Seiten dargestellten Informationen dienen ausschlie\u00dflich der Information. Der Verlag dadrauf \u00fcbernimmt keinerlei Gew\u00e4hr f\u00fcr die Richtigkeit, Vollst\u00e4ndigkeit oder Aktualit\u00e4t der bereitgestellten Informationen. Wir behalten uns vor, die Webseiten jederzeit zu ver\u00e4ndern, zu erg\u00e4nzen oder zu l\u00f6schen. Copyright\u2028: Der gesamte Inhalt dieser Website (Texte, Bilder, Grafiken, Animationen) unterliegt dem Urheberrecht und anderen [&hellip;]<\/p>\n","protected":false},"author":1,"featured_media":0,"parent":0,"menu_order":0,"comment_status":"closed","ping_status":"open","template":"","meta":{"footnotes":""},"class_list":["post-3","page","type-page","status-publish","hentry"],"_links":{"self":[{"href":"https:\/\/dadrauf.ch\/index.php?rest_route=\/wp\/v2\/pages\/3","targetHints":{"allow":["GET"]}}],"collection":[{"href":"https:\/\/dadrauf.ch\/index.php?rest_route=\/wp\/v2\/pages"}],"about":[{"href":"https:\/\/dadrauf.ch\/index.php?rest_route=\/wp\/v2\/types\/page"}],"author":[{"embeddable":true,"href":"https:\/\/dadrauf.ch\/index.php?rest_route=\/wp\/v2\/users\/1"}],"replies":[{"embeddable":true,"href":"https:\/\/dadrauf.ch\/index.php?rest_route=%2Fwp%2Fv2%2Fcomments&post=3"}],"version-history":[{"count":2,"href":"https:\/\/dadrauf.ch\/index.php?rest_route=\/wp\/v2\/pages\/3\/revisions"}],"predecessor-version":[{"id":215,"href":"https:\/\/dadrauf.ch\/index.php?rest_route=\/wp\/v2\/pages\/3\/revisions\/215"}],"wp:attachment":[{"href":"https:\/\/dadrauf.ch\/index.php?rest_route=%2Fwp%2Fv2%2Fmedia&parent=3"}],"curies":[{"name":"wp","href":"https:\/\/api.w.org\/{rel}","templated":true}]}}