{"id":302,"date":"2025-08-29T13:41:23","date_gmt":"2025-08-29T13:41:23","guid":{"rendered":"https:\/\/dadrauf.ch\/?page_id=302"},"modified":"2025-11-28T23:10:16","modified_gmt":"2025-11-28T23:10:16","slug":"startseite","status":"publish","type":"page","link":"https:\/\/dadrauf.ch\/","title":{"rendered":"Minimalistische Untersetzer. Inspiriert von Natur. Nachhaltig produziert."},"content":{"rendered":"<p>Jeder Untersetzer erz\u00e4hlt eine Geschichte: Auf der Vorderseite findest du abstrakte, grafische Motive \u2013 auf der R\u00fcckseite Wissen und spannende Fakten \u00fcber die Berge, Wiesenblumen und andere Natursch\u00f6nheiten der Schweiz.<br data-start=\"615\" data-end=\"618\" \/>Gestaltet mit Liebe, hergestellt fair und biologisch abbaubar..<\/p>\n<p><a href=\"https:\/\/dadrauf.ch\/?page_id=39\">Jetzt ein St\u00fcck Natur nach Hause holen<\/a><\/p>\n<p>Neu: Blumenmotive<br \/>\nbald im Shop entdecken!<\/p>\n<p>&nbsp;<\/p>\n<p><img loading=\"lazy\" decoding=\"async\" class=\"alignnone size-medium wp-image-103\" src=\"https:\/\/dadrauf.ch\/wp-content\/uploads\/2025\/08\/Untersetzer-300x200.jpg\" alt=\"\" width=\"300\" height=\"200\" srcset=\"https:\/\/dadrauf.ch\/wp-content\/uploads\/2025\/08\/Untersetzer-300x200.jpg 300w, https:\/\/dadrauf.ch\/wp-content\/uploads\/2025\/08\/Untersetzer-1024x683.jpg 1024w, https:\/\/dadrauf.ch\/wp-content\/uploads\/2025\/08\/Untersetzer-768x512.jpg 768w, https:\/\/dadrauf.ch\/wp-content\/uploads\/2025\/08\/Untersetzer-1536x1024.jpg 1536w, https:\/\/dadrauf.ch\/wp-content\/uploads\/2025\/08\/Untersetzer-2048x1365.jpg 2048w, https:\/\/dadrauf.ch\/wp-content\/uploads\/2025\/08\/Untersetzer-416x277.jpg 416w\" sizes=\"auto, (max-width: 300px) 100vw, 300px\" \/><\/p>\n<p data-start=\"257\" data-end=\"499\"><strong data-start=\"257\" data-end=\"288\">Die Natur auf deinem Tisch.<\/strong><br data-start=\"288\" data-end=\"291\" \/>Die Untersetzer verbinden Design, Wissen und Nachhaltigkeit. Minimalistische, abstrakte Formen zeigen die markanten Berge und sch\u00f6nen Blumen der Schweiz \u2013 von den Gipfeln des Berner Oberlands, bis zu den H\u00fcgeln rund um Luzern. Von den Wiesenblumen bis zu den Alpenblumen.<\/p>\n<p data-start=\"501\" data-end=\"739\"><strong data-start=\"501\" data-end=\"534\">Mehr als nur ein Untersetzer.<\/strong><br data-start=\"534\" data-end=\"537\" \/>Auf der R\u00fcckseite findest du spannende Fakten und Geschichten. So wird jedes St\u00fcck zu einem kleinen Wissensschatz, der nicht nur deinen Tisch sch\u00fctzt, sondern auch deine Neugier n\u00e4hrt.<\/p>\n<p data-start=\"501\" data-end=\"739\"><img loading=\"lazy\" decoding=\"async\" class=\"alignnone size-medium wp-image-102\" src=\"https:\/\/dadrauf.ch\/wp-content\/uploads\/2025\/08\/Addberg_mai21_cramarts-6-300x200.jpg\" alt=\"\" width=\"300\" height=\"200\" srcset=\"https:\/\/dadrauf.ch\/wp-content\/uploads\/2025\/08\/Addberg_mai21_cramarts-6-300x200.jpg 300w, https:\/\/dadrauf.ch\/wp-content\/uploads\/2025\/08\/Addberg_mai21_cramarts-6-1024x683.jpg 1024w, https:\/\/dadrauf.ch\/wp-content\/uploads\/2025\/08\/Addberg_mai21_cramarts-6-768x512.jpg 768w, https:\/\/dadrauf.ch\/wp-content\/uploads\/2025\/08\/Addberg_mai21_cramarts-6-1536x1024.jpg 1536w, https:\/\/dadrauf.ch\/wp-content\/uploads\/2025\/08\/Addberg_mai21_cramarts-6-2048x1365.jpg 2048w, https:\/\/dadrauf.ch\/wp-content\/uploads\/2025\/08\/Addberg_mai21_cramarts-6-416x277.jpg 416w\" sizes=\"auto, (max-width: 300px) 100vw, 300px\" \/><\/p>\n<p data-start=\"741\" data-end=\"962\"><strong data-start=\"741\" data-end=\"776\">Fair und \u00f6kologisch produziert.<\/strong><br data-start=\"776\" data-end=\"779\" \/>Alle Untersetzer werden aus nachhaltigen, biologisch abbaubaren Materialien gefertigt. Fair hergestellt und ressourcenschonend \u2013 f\u00fcr ein Design, das mit gutem Gewissen Freude macht.<\/p>\n<p data-start=\"964\" data-end=\"1264\"><strong data-start=\"964\" data-end=\"996\">Eine Kollektion, die w\u00e4chst.<\/strong><br data-start=\"996\" data-end=\"999\" \/>Die ersten 24 Motive widmen sich den Bergen des Berner Oberlands. Weitere Designs \u2013 von Luzern, aus anderen Regionen und sp\u00e4ter auch mit Blumen oder B\u00e4umen \u2013 sind bereits in Arbeit. So entsteht nach und nach eine Sammlung, die die Vielfalt unserer Natur einf\u00e4ngt.<\/p>\n<p data-start=\"964\" data-end=\"1264\"><strong data-start=\"1130\" data-end=\"1153\">Wiesen und Bergblumen<\/strong> \u2013 neu findest du auch florale Motive, von klassischen Wiesenblumen bis zu alpinen Arten. Jede Blume bringt ihre eigene Geschichte mit \u2013 still, farbig, vertraut.<\/p>\n<p><img loading=\"lazy\" decoding=\"async\" class=\"alignnone size-medium wp-image-362\" src=\"https:\/\/dadrauf.ch\/wp-content\/uploads\/2025\/11\/IMG_6096-e1764371042152-300x225.jpeg\" alt=\"\" width=\"300\" height=\"225\" srcset=\"https:\/\/dadrauf.ch\/wp-content\/uploads\/2025\/11\/IMG_6096-e1764371042152-300x225.jpeg 300w, https:\/\/dadrauf.ch\/wp-content\/uploads\/2025\/11\/IMG_6096-e1764371042152-1024x768.jpeg 1024w, https:\/\/dadrauf.ch\/wp-content\/uploads\/2025\/11\/IMG_6096-e1764371042152-768x576.jpeg 768w, https:\/\/dadrauf.ch\/wp-content\/uploads\/2025\/11\/IMG_6096-e1764371042152-1536x1152.jpeg 1536w, https:\/\/dadrauf.ch\/wp-content\/uploads\/2025\/11\/IMG_6096-e1764371042152-416x312.jpeg 416w, https:\/\/dadrauf.ch\/wp-content\/uploads\/2025\/11\/IMG_6096-e1764371042152.jpeg 2048w\" sizes=\"auto, (max-width: 300px) 100vw, 300px\" \/><\/p>\n","protected":false},"excerpt":{"rendered":"<p>Jeder Untersetzer erz\u00e4hlt eine Geschichte: Auf der Vorderseite findest du abstrakte, grafische Motive \u2013 auf der R\u00fcckseite Wissen und spannende Fakten \u00fcber die Berge, Wiesenblumen und andere Natursch\u00f6nheiten der Schweiz.Gestaltet mit Liebe, hergestellt fair und biologisch abbaubar.. Jetzt ein St\u00fcck Natur nach Hause holen Neu: Blumenmotive bald im Shop entdecken! &nbsp; Die Natur auf deinem [&hellip;]<\/p>\n","protected":false},"author":1,"featured_media":99,"parent":0,"menu_order":0,"comment_status":"closed","ping_status":"closed","template":"","meta":{"footnotes":""},"class_list":["post-302","page","type-page","status-publish","has-post-thumbnail","hentry"],"_links":{"self":[{"href":"https:\/\/dadrauf.ch\/index.php?rest_route=\/wp\/v2\/pages\/302","targetHints":{"allow":["GET"]}}],"collection":[{"href":"https:\/\/dadrauf.ch\/index.php?rest_route=\/wp\/v2\/pages"}],"about":[{"href":"https:\/\/dadrauf.ch\/index.php?rest_route=\/wp\/v2\/types\/page"}],"author":[{"embeddable":true,"href":"https:\/\/dadrauf.ch\/index.php?rest_route=\/wp\/v2\/users\/1"}],"replies":[{"embeddable":true,"href":"https:\/\/dadrauf.ch\/index.php?rest_route=%2Fwp%2Fv2%2Fcomments&post=302"}],"version-history":[{"count":9,"href":"https:\/\/dadrauf.ch\/index.php?rest_route=\/wp\/v2\/pages\/302\/revisions"}],"predecessor-version":[{"id":365,"href":"https:\/\/dadrauf.ch\/index.php?rest_route=\/wp\/v2\/pages\/302\/revisions\/365"}],"wp:featuredmedia":[{"embeddable":true,"href":"https:\/\/dadrauf.ch\/index.php?rest_route=\/wp\/v2\/media\/99"}],"wp:attachment":[{"href":"https:\/\/dadrauf.ch\/index.php?rest_route=%2Fwp%2Fv2%2Fmedia&parent=302"}],"curies":[{"name":"wp","href":"https:\/\/api.w.org\/{rel}","templated":true}]}}